{"id":237,"date":"2021-02-03T09:00:45","date_gmt":"2021-02-03T08:00:45","guid":{"rendered":"https:\/\/www.operapiamoreno.it\/wpsite\/?page_id=237"},"modified":"2025-09-19T11:26:21","modified_gmt":"2025-09-19T09:26:21","slug":"calendario","status":"publish","type":"page","link":"https:\/\/www.operapiamoreno.it\/wpsite\/calendario\/","title":{"rendered":"IL MORENO"},"content":{"rendered":"\t\t<div data-elementor-type=\"wp-page\" data-elementor-id=\"237\" class=\"elementor elementor-237\" data-elementor-post-type=\"page\">\n\t\t\t\t\t\t\t\t\t<section class=\"elementor-section elementor-top-section elementor-element elementor-element-8e1cb7d elementor-section-boxed elementor-section-height-default elementor-section-height-default\" data-id=\"8e1cb7d\" data-element_type=\"section\">\n\t\t\t\t\t\t<div class=\"elementor-container elementor-column-gap-default\">\n\t\t\t\t\t<div class=\"elementor-column elementor-col-100 elementor-top-column elementor-element elementor-element-dc1349f\" data-id=\"dc1349f\" data-element_type=\"column\">\n\t\t\t<div class=\"elementor-widget-wrap\">\n\t\t\t\t\t\t\t\t\t<\/div>\n\t\t<\/div>\n\t\t\t\t\t\t\t<\/div>\n\t\t<\/section>\n\t\t\t\t<section class=\"elementor-section elementor-top-section elementor-element elementor-element-9aad6e6 elementor-section-boxed elementor-section-height-default elementor-section-height-default\" data-id=\"9aad6e6\" data-element_type=\"section\">\n\t\t\t\t\t\t<div class=\"elementor-container elementor-column-gap-default\">\n\t\t\t\t\t<div class=\"elementor-column elementor-col-100 elementor-top-column elementor-element elementor-element-115f600\" data-id=\"115f600\" data-element_type=\"column\">\n\t\t\t<div class=\"elementor-widget-wrap elementor-element-populated\">\n\t\t\t\t\t\t\t\t<div class=\"elementor-element elementor-element-cce31a8 elementor-widget elementor-widget-heading\" data-id=\"cce31a8\" data-element_type=\"widget\" data-widget_type=\"heading.default\">\n\t\t\t\t<div class=\"elementor-widget-container\">\n\t\t\t<h4 class=\"elementor-heading-title elementor-size-default\">Scuola dell'infanzia nel cuore di Ivrea da oltre 150 anni<\/h4>\t\t<\/div>\n\t\t\t\t<\/div>\n\t\t\t\t\t<\/div>\n\t\t<\/div>\n\t\t\t\t\t\t\t<\/div>\n\t\t<\/section>\n\t\t\t\t<section class=\"elementor-section elementor-top-section elementor-element elementor-element-f1152a5 elementor-section-boxed elementor-section-height-default elementor-section-height-default\" data-id=\"f1152a5\" data-element_type=\"section\">\n\t\t\t\t\t\t<div class=\"elementor-container elementor-column-gap-default\">\n\t\t\t\t\t<div class=\"elementor-column elementor-col-50 elementor-top-column elementor-element elementor-element-faa2aef\" data-id=\"faa2aef\" data-element_type=\"column\">\n\t\t\t<div class=\"elementor-widget-wrap elementor-element-populated\">\n\t\t\t\t\t\t\t\t<div class=\"elementor-element elementor-element-4acaae8 elementor-widget elementor-widget-text-editor\" data-id=\"4acaae8\" data-element_type=\"widget\" data-widget_type=\"text-editor.default\">\n\t\t\t\t<div class=\"elementor-widget-container\">\n\t\t\t\t\t\t\t<p><!-- wp:paragraph --><\/p>\n<p>Il Moreno \u00e8 a pieno titolo l&#8217;Istituto per l&#8217;infanzia storico della citt\u00e0 di Ivrea. Storico, tuttavia non significa &#8220;vecchio&#8221;, infatti la sua organizzazione \u00e8 cambiata negli anni ed ora \u00e8 completamente rinnovato. La posizione geografica centralissima del Moreno permette un comodo accesso a tutte le risorse che la citt\u00e0 offre, dai parchi cittadini alle attivit\u00e0 commerciali e produttive.&nbsp;<\/p>\n<p><!-- \/wp:paragraph --><\/p>\t\t\t\t\t\t<\/div>\n\t\t\t\t<\/div>\n\t\t\t\t<div class=\"elementor-element elementor-element-db94d8d elementor-align-left elementor-widget elementor-widget-button\" data-id=\"db94d8d\" data-element_type=\"widget\" data-widget_type=\"button.default\">\n\t\t\t\t<div class=\"elementor-widget-container\">\n\t\t\t\t\t<div class=\"elementor-button-wrapper\">\n\t\t\t<a class=\"elementor-button elementor-button-link elementor-size-sm\" href=\"https:\/\/www.operapiamoreno.it\/wpsite\/lopera-moreno\/\">\n\t\t\t\t\t\t<span class=\"elementor-button-content-wrapper\">\n\t\t\t\t\t\t<span class=\"elementor-button-icon elementor-align-icon-left\">\n\t\t\t\t<i aria-hidden=\"true\" class=\"far fa-building\"><\/i>\t\t\t<\/span>\n\t\t\t\t\t\t<span class=\"elementor-button-text\">Scopri di pi\u00f9 sul Moreno<\/span>\n\t\t<\/span>\n\t\t\t\t\t<\/a>\n\t\t<\/div>\n\t\t\t\t<\/div>\n\t\t\t\t<\/div>\n\t\t\t\t<div class=\"elementor-element elementor-element-40feb9a elementor-widget-divider--view-line elementor-widget elementor-widget-divider\" data-id=\"40feb9a\" data-element_type=\"widget\" data-widget_type=\"divider.default\">\n\t\t\t\t<div class=\"elementor-widget-container\">\n\t\t\t\t\t<div class=\"elementor-divider\">\n\t\t\t<span class=\"elementor-divider-separator\">\n\t\t\t\t\t\t<\/span>\n\t\t<\/div>\n\t\t\t\t<\/div>\n\t\t\t\t<\/div>\n\t\t\t\t\t<\/div>\n\t\t<\/div>\n\t\t\t\t<div class=\"elementor-column elementor-col-50 elementor-top-column elementor-element elementor-element-ad5f886\" data-id=\"ad5f886\" data-element_type=\"column\">\n\t\t\t<div class=\"elementor-widget-wrap elementor-element-populated\">\n\t\t\t\t\t\t\t\t<div class=\"elementor-element elementor-element-83ee58d elementor-widget elementor-widget-image\" data-id=\"83ee58d\" data-element_type=\"widget\" data-widget_type=\"image.default\">\n\t\t\t\t<div class=\"elementor-widget-container\">\n\t\t\t\t\t\t\t\t\t\t\t\t\t\t\t<img decoding=\"async\" loading=\"lazy\" width=\"300\" height=\"300\" src=\"https:\/\/www.operapiamoreno.it\/wpsite\/wp-content\/uploads\/2022\/09\/305914483_459239282890370_7235108777141282100_n-300x300.jpg\" class=\"attachment-medium size-medium wp-image-660\" alt=\"\" srcset=\"https:\/\/www.operapiamoreno.it\/wpsite\/wp-content\/uploads\/2022\/09\/305914483_459239282890370_7235108777141282100_n-300x300.jpg 300w, https:\/\/www.operapiamoreno.it\/wpsite\/wp-content\/uploads\/2022\/09\/305914483_459239282890370_7235108777141282100_n-150x150.jpg 150w, https:\/\/www.operapiamoreno.it\/wpsite\/wp-content\/uploads\/2022\/09\/305914483_459239282890370_7235108777141282100_n.jpg 500w\" sizes=\"(max-width: 300px) 100vw, 300px\" \/>\t\t\t\t\t\t\t\t\t\t\t\t\t\t\t<\/div>\n\t\t\t\t<\/div>\n\t\t\t\t\t<\/div>\n\t\t<\/div>\n\t\t\t\t\t\t\t<\/div>\n\t\t<\/section>\n\t\t\t\t<section class=\"elementor-section elementor-top-section elementor-element elementor-element-4326ab6 elementor-section-boxed elementor-section-height-default elementor-section-height-default\" data-id=\"4326ab6\" data-element_type=\"section\">\n\t\t\t\t\t\t<div class=\"elementor-container elementor-column-gap-default\">\n\t\t\t\t\t<div class=\"elementor-column elementor-col-100 elementor-top-column elementor-element elementor-element-16da24b\" data-id=\"16da24b\" data-element_type=\"column\">\n\t\t\t<div class=\"elementor-widget-wrap elementor-element-populated\">\n\t\t\t\t\t\t\t\t<div class=\"elementor-element elementor-element-65e5486 elementor-widget elementor-widget-heading\" data-id=\"65e5486\" data-element_type=\"widget\" data-widget_type=\"heading.default\">\n\t\t\t\t<div class=\"elementor-widget-container\">\n\t\t\t<h4 class=\"elementor-heading-title elementor-size-default\">Il programma triennale di offerta formativa (PTOF)<\/h4>\t\t<\/div>\n\t\t\t\t<\/div>\n\t\t\t\t\t<\/div>\n\t\t<\/div>\n\t\t\t\t\t\t\t<\/div>\n\t\t<\/section>\n\t\t\t\t<section class=\"elementor-section elementor-top-section elementor-element elementor-element-21c012e elementor-section-boxed elementor-section-height-default elementor-section-height-default\" data-id=\"21c012e\" data-element_type=\"section\">\n\t\t\t\t\t\t<div class=\"elementor-container elementor-column-gap-default\">\n\t\t\t\t\t<div class=\"elementor-column elementor-col-50 elementor-top-column elementor-element elementor-element-e37ab2f\" data-id=\"e37ab2f\" data-element_type=\"column\">\n\t\t\t<div class=\"elementor-widget-wrap elementor-element-populated\">\n\t\t\t\t\t\t\t\t<div class=\"elementor-element elementor-element-cba9741 elementor-widget elementor-widget-text-editor\" data-id=\"cba9741\" data-element_type=\"widget\" data-widget_type=\"text-editor.default\">\n\t\t\t\t<div class=\"elementor-widget-container\">\n\t\t\t\t\t\t\t<p>In quest&#8217;area potete accedere al programma<\/p>\t\t\t\t\t\t<\/div>\n\t\t\t\t<\/div>\n\t\t\t\t<div class=\"elementor-element elementor-element-db8ab1e elementor-align-left elementor-widget elementor-widget-button\" data-id=\"db8ab1e\" data-element_type=\"widget\" data-widget_type=\"button.default\">\n\t\t\t\t<div class=\"elementor-widget-container\">\n\t\t\t\t\t<div class=\"elementor-button-wrapper\">\n\t\t\t<a class=\"elementor-button elementor-button-link elementor-size-sm\" href=\"https:\/\/www.operapiamoreno.it\/WpSite\/wp-content\/uploads\/2025\/09\/PTOF-2025-2028-1.pdf\">\n\t\t\t\t\t\t<span class=\"elementor-button-content-wrapper\">\n\t\t\t\t\t\t<span class=\"elementor-button-icon elementor-align-icon-left\">\n\t\t\t\t<i aria-hidden=\"true\" class=\"far fa-file-alt\"><\/i>\t\t\t<\/span>\n\t\t\t\t\t\t<span class=\"elementor-button-text\">Accedi alla documentazione<\/span>\n\t\t<\/span>\n\t\t\t\t\t<\/a>\n\t\t<\/div>\n\t\t\t\t<\/div>\n\t\t\t\t<\/div>\n\t\t\t\t<div class=\"elementor-element elementor-element-89a9b93 elementor-widget-divider--view-line elementor-widget elementor-widget-divider\" data-id=\"89a9b93\" data-element_type=\"widget\" data-widget_type=\"divider.default\">\n\t\t\t\t<div class=\"elementor-widget-container\">\n\t\t\t\t\t<div class=\"elementor-divider\">\n\t\t\t<span class=\"elementor-divider-separator\">\n\t\t\t\t\t\t<\/span>\n\t\t<\/div>\n\t\t\t\t<\/div>\n\t\t\t\t<\/div>\n\t\t\t\t\t<\/div>\n\t\t<\/div>\n\t\t\t\t<div class=\"elementor-column elementor-col-50 elementor-top-column elementor-element elementor-element-25bd38e\" data-id=\"25bd38e\" data-element_type=\"column\">\n\t\t\t<div class=\"elementor-widget-wrap elementor-element-populated\">\n\t\t\t\t\t\t\t\t<div class=\"elementor-element elementor-element-dc0caae elementor-widget elementor-widget-image\" data-id=\"dc0caae\" data-element_type=\"widget\" data-widget_type=\"image.default\">\n\t\t\t\t<div class=\"elementor-widget-container\">\n\t\t\t\t\t\t\t\t\t\t\t\t\t\t\t<img decoding=\"async\" loading=\"lazy\" width=\"300\" height=\"200\" src=\"https:\/\/www.operapiamoreno.it\/wpsite\/wp-content\/uploads\/2022\/09\/child_safe_crop-300x200.jpg\" class=\"attachment-medium size-medium wp-image-705\" alt=\"\" srcset=\"https:\/\/www.operapiamoreno.it\/wpsite\/wp-content\/uploads\/2022\/09\/child_safe_crop-300x200.jpg 300w, https:\/\/www.operapiamoreno.it\/wpsite\/wp-content\/uploads\/2022\/09\/child_safe_crop.jpg 600w\" sizes=\"(max-width: 300px) 100vw, 300px\" \/>\t\t\t\t\t\t\t\t\t\t\t\t\t\t\t<\/div>\n\t\t\t\t<\/div>\n\t\t\t\t\t<\/div>\n\t\t<\/div>\n\t\t\t\t\t\t\t<\/div>\n\t\t<\/section>\n\t\t\t\t<section class=\"elementor-section elementor-top-section elementor-element elementor-element-ee35994 elementor-section-boxed elementor-section-height-default elementor-section-height-default\" data-id=\"ee35994\" data-element_type=\"section\">\n\t\t\t\t\t\t<div class=\"elementor-container elementor-column-gap-default\">\n\t\t\t\t\t<div class=\"elementor-column elementor-col-100 elementor-top-column elementor-element elementor-element-305ca12\" data-id=\"305ca12\" data-element_type=\"column\">\n\t\t\t<div class=\"elementor-widget-wrap elementor-element-populated\">\n\t\t\t\t\t\t\t\t<div class=\"elementor-element elementor-element-dbb3b97 elementor-widget elementor-widget-heading\" data-id=\"dbb3b97\" data-element_type=\"widget\" data-widget_type=\"heading.default\">\n\t\t\t\t<div class=\"elementor-widget-container\">\n\t\t\t<h4 class=\"elementor-heading-title elementor-size-default\">Archivio documentale <\/h4>\t\t<\/div>\n\t\t\t\t<\/div>\n\t\t\t\t\t<\/div>\n\t\t<\/div>\n\t\t\t\t\t\t\t<\/div>\n\t\t<\/section>\n\t\t\t\t<section class=\"elementor-section elementor-top-section elementor-element elementor-element-65e51f9 elementor-section-boxed elementor-section-height-default elementor-section-height-default\" data-id=\"65e51f9\" data-element_type=\"section\">\n\t\t\t\t\t\t<div class=\"elementor-container elementor-column-gap-default\">\n\t\t\t\t\t<div class=\"elementor-column elementor-col-50 elementor-top-column elementor-element elementor-element-725c376\" data-id=\"725c376\" data-element_type=\"column\">\n\t\t\t<div class=\"elementor-widget-wrap elementor-element-populated\">\n\t\t\t\t\t\t\t\t<div class=\"elementor-element elementor-element-8037b72 elementor-widget elementor-widget-text-editor\" data-id=\"8037b72\" data-element_type=\"widget\" data-widget_type=\"text-editor.default\">\n\t\t\t\t<div class=\"elementor-widget-container\">\n\t\t\t\t\t\t\t<p><!-- wp:paragraph --><\/p>\n<p>In questa sezione trovate i documenti istituzionali, come ad esempio il bilancio etc.<\/p>\n<p><!-- \/wp:paragraph --><\/p>\t\t\t\t\t\t<\/div>\n\t\t\t\t<\/div>\n\t\t\t\t<div class=\"elementor-element elementor-element-8646dce elementor-align-left elementor-widget elementor-widget-button\" data-id=\"8646dce\" data-element_type=\"widget\" data-widget_type=\"button.default\">\n\t\t\t\t<div class=\"elementor-widget-container\">\n\t\t\t\t\t<div class=\"elementor-button-wrapper\">\n\t\t\t<a class=\"elementor-button elementor-button-link elementor-size-sm\" href=\"https:\/\/www.operapiamoreno.it\/wpsite\/archivio-documenti\/\">\n\t\t\t\t\t\t<span class=\"elementor-button-content-wrapper\">\n\t\t\t\t\t\t<span class=\"elementor-button-icon elementor-align-icon-left\">\n\t\t\t\t<i aria-hidden=\"true\" class=\"far fa-file-alt\"><\/i>\t\t\t<\/span>\n\t\t\t\t\t\t<span class=\"elementor-button-text\">Accedi alla documentazione<\/span>\n\t\t<\/span>\n\t\t\t\t\t<\/a>\n\t\t<\/div>\n\t\t\t\t<\/div>\n\t\t\t\t<\/div>\n\t\t\t\t<div class=\"elementor-element elementor-element-b95e357 elementor-widget-divider--view-line elementor-widget elementor-widget-divider\" data-id=\"b95e357\" data-element_type=\"widget\" data-widget_type=\"divider.default\">\n\t\t\t\t<div class=\"elementor-widget-container\">\n\t\t\t\t\t<div class=\"elementor-divider\">\n\t\t\t<span class=\"elementor-divider-separator\">\n\t\t\t\t\t\t<\/span>\n\t\t<\/div>\n\t\t\t\t<\/div>\n\t\t\t\t<\/div>\n\t\t\t\t\t<\/div>\n\t\t<\/div>\n\t\t\t\t<div class=\"elementor-column elementor-col-50 elementor-top-column elementor-element elementor-element-ff5cc58\" data-id=\"ff5cc58\" data-element_type=\"column\">\n\t\t\t<div class=\"elementor-widget-wrap elementor-element-populated\">\n\t\t\t\t\t\t\t\t<div class=\"elementor-element elementor-element-f971d57 elementor-widget elementor-widget-image\" data-id=\"f971d57\" data-element_type=\"widget\" data-widget_type=\"image.default\">\n\t\t\t\t<div class=\"elementor-widget-container\">\n\t\t\t\t\t\t\t\t\t\t\t\t\t\t\t<img decoding=\"async\" loading=\"lazy\" width=\"300\" height=\"250\" src=\"https:\/\/www.operapiamoreno.it\/wpsite\/wp-content\/uploads\/2022\/09\/file-documenti-300x250.jpg\" class=\"attachment-medium size-medium wp-image-701\" alt=\"\" srcset=\"https:\/\/www.operapiamoreno.it\/wpsite\/wp-content\/uploads\/2022\/09\/file-documenti-300x250.jpg 300w, https:\/\/www.operapiamoreno.it\/wpsite\/wp-content\/uploads\/2022\/09\/file-documenti.jpg 305w\" sizes=\"(max-width: 300px) 100vw, 300px\" \/>\t\t\t\t\t\t\t\t\t\t\t\t\t\t\t<\/div>\n\t\t\t\t<\/div>\n\t\t\t\t\t<\/div>\n\t\t<\/div>\n\t\t\t\t\t\t\t<\/div>\n\t\t<\/section>\n\t\t\t\t\t\t\t<\/div>\n\t\t","protected":false},"excerpt":{"rendered":"<p>Scuola dell&#8217;infanzia nel cuore di Ivrea da oltre 150 anni Il Moreno \u00e8 a pieno titolo l&#8217;Istituto per l&#8217;infanzia storico della citt\u00e0 di Ivrea. Storico, tuttavia non significa &#8220;vecchio&#8221;, infatti la sua organizzazione \u00e8 cambiata negli anni ed ora \u00e8 completamente rinnovato. La posizione geografica centralissima del Moreno permette un comodo accesso a tutte le [&hellip;]<\/p>\n","protected":false},"author":1,"featured_media":0,"parent":0,"menu_order":0,"comment_status":"closed","ping_status":"closed","template":"","meta":{"footnotes":""},"_links":{"self":[{"href":"https:\/\/www.operapiamoreno.it\/wpsite\/wp-json\/wp\/v2\/pages\/237"}],"collection":[{"href":"https:\/\/www.operapiamoreno.it\/wpsite\/wp-json\/wp\/v2\/pages"}],"about":[{"href":"https:\/\/www.operapiamoreno.it\/wpsite\/wp-json\/wp\/v2\/types\/page"}],"author":[{"embeddable":true,"href":"https:\/\/www.operapiamoreno.it\/wpsite\/wp-json\/wp\/v2\/users\/1"}],"replies":[{"embeddable":true,"href":"https:\/\/www.operapiamoreno.it\/wpsite\/wp-json\/wp\/v2\/comments?post=237"}],"version-history":[{"count":70,"href":"https:\/\/www.operapiamoreno.it\/wpsite\/wp-json\/wp\/v2\/pages\/237\/revisions"}],"predecessor-version":[{"id":1077,"href":"https:\/\/www.operapiamoreno.it\/wpsite\/wp-json\/wp\/v2\/pages\/237\/revisions\/1077"}],"wp:attachment":[{"href":"https:\/\/www.operapiamoreno.it\/wpsite\/wp-json\/wp\/v2\/media?parent=237"}],"curies":[{"name":"wp","href":"https:\/\/api.w.org\/{rel}","templated":true}]}}