{"id":295,"date":"2021-02-03T12:25:47","date_gmt":"2021-02-03T11:25:47","guid":{"rendered":"https:\/\/www.operapiamoreno.it\/wpsite\/?page_id=295"},"modified":"2021-02-03T14:52:37","modified_gmt":"2021-02-03T13:52:37","slug":"lopera-moreno","status":"publish","type":"page","link":"https:\/\/www.operapiamoreno.it\/wpsite\/lopera-moreno\/","title":{"rendered":"L&#8217;OPERA PIA MORENO"},"content":{"rendered":"\t\t<div data-elementor-type=\"wp-page\" data-elementor-id=\"295\" class=\"elementor elementor-295\" data-elementor-post-type=\"page\">\n\t\t\t\t\t\t\t\t\t<section class=\"elementor-section elementor-top-section elementor-element elementor-element-d6be7e9 elementor-section-boxed elementor-section-height-default elementor-section-height-default\" data-id=\"d6be7e9\" data-element_type=\"section\">\n\t\t\t\t\t\t<div class=\"elementor-container elementor-column-gap-default\">\n\t\t\t\t\t<div class=\"elementor-column elementor-col-100 elementor-top-column elementor-element elementor-element-b1d1e90\" data-id=\"b1d1e90\" data-element_type=\"column\">\n\t\t\t<div class=\"elementor-widget-wrap elementor-element-populated\">\n\t\t\t\t\t\t\t\t<div class=\"elementor-element elementor-element-8745295 elementor-widget elementor-widget-heading\" data-id=\"8745295\" data-element_type=\"widget\" data-widget_type=\"heading.default\">\n\t\t\t\t<div class=\"elementor-widget-container\">\n\t\t\t<h4 class=\"elementor-heading-title elementor-size-default\">La Storia<\/h4>\t\t<\/div>\n\t\t\t\t<\/div>\n\t\t\t\t\t<\/div>\n\t\t<\/div>\n\t\t\t\t\t\t\t<\/div>\n\t\t<\/section>\n\t\t\t\t<section class=\"elementor-section elementor-top-section elementor-element elementor-element-af9f0ae elementor-section-boxed elementor-section-height-default elementor-section-height-default\" data-id=\"af9f0ae\" data-element_type=\"section\">\n\t\t\t\t\t\t<div class=\"elementor-container elementor-column-gap-default\">\n\t\t\t\t\t<div class=\"elementor-column elementor-col-50 elementor-top-column elementor-element elementor-element-e39345e\" data-id=\"e39345e\" data-element_type=\"column\">\n\t\t\t<div class=\"elementor-widget-wrap elementor-element-populated\">\n\t\t\t\t\t\t\t\t<div class=\"elementor-element elementor-element-9594f24 elementor-widget elementor-widget-image\" data-id=\"9594f24\" data-element_type=\"widget\" data-widget_type=\"image.default\">\n\t\t\t\t<div class=\"elementor-widget-container\">\n\t\t\t\t\t\t\t\t\t\t\t\t\t\t\t<img decoding=\"async\" loading=\"lazy\" width=\"500\" height=\"272\" src=\"https:\/\/www.operapiamoreno.it\/wpsite\/wp-content\/uploads\/2021\/02\/VedutaIvrea.jpg\" class=\"attachment-large size-large wp-image-315\" alt=\"\" srcset=\"https:\/\/www.operapiamoreno.it\/wpsite\/wp-content\/uploads\/2021\/02\/VedutaIvrea.jpg 500w, https:\/\/www.operapiamoreno.it\/wpsite\/wp-content\/uploads\/2021\/02\/VedutaIvrea-300x163.jpg 300w\" sizes=\"(max-width: 500px) 100vw, 500px\" \/>\t\t\t\t\t\t\t\t\t\t\t\t\t\t\t<\/div>\n\t\t\t\t<\/div>\n\t\t\t\t\t<\/div>\n\t\t<\/div>\n\t\t\t\t<div class=\"elementor-column elementor-col-50 elementor-top-column elementor-element elementor-element-1ac5c8a\" data-id=\"1ac5c8a\" data-element_type=\"column\">\n\t\t\t<div class=\"elementor-widget-wrap elementor-element-populated\">\n\t\t\t\t\t\t\t\t<div class=\"elementor-element elementor-element-db013df elementor-widget elementor-widget-text-editor\" data-id=\"db013df\" data-element_type=\"widget\" data-widget_type=\"text-editor.default\">\n\t\t\t\t<div class=\"elementor-widget-container\">\n\t\t\t\t\t\t\t<p>L\u2019 \u201casilo per l\u2019infanzia\u201d di Ivrea nasce da una sottoscrizione fra le famiglie eporediesi nel 1844 sotto lostimolo del Vescovo mons. Moreno che aveva gi\u00e0 precedentemente fatto nascere una iniziativa analoga a Rivarolo e viene riconosciuta con decreto dal Re Carlo Alberto.. L\u2019 abate don Ferrante Aporti, esule dalla Lombardia e senatore ai tempi di Cavour, lo aiuta e apporta le conoscenze pedagogiche da analoghe iniziative del cattolicesimo sociale a cui aveva dato il suo apporto in Lombardia.<\/p><p>Fin dal primo anno ben 170 sono i fanciulli (specie bimbe) che vi sono aiutati ed istruiti. La denominazione in \u201cOpera Pia Moreno\u201d viene assunta poco dopo e impegna nell\u2019azione educativa e sociale le Suore dell\u2019ordine di Maria Immacolata che Madre Antonia Verna aveva promosso.<br \/>L\u2019edificio di via Siccardi 4, che costituisce il patrimonio dell\u2019Ente, viene acquistato dal Vescovo mons. Moreno ed \u00e8 successivamente allargato con molti locali. Dedicato all\u2019educazione e sostegno dei fanciulli e ad altre attivit\u00e0 scolastiche (in particolar modo per anni sede di una scuola magistrale che ha formato molte giovani canavesane all\u2019 insegnamento) anche oggi viene dedicato dall\u2019Opera la alla funzione originale decisa 168 anni fa.<\/p>\t\t\t\t\t\t<\/div>\n\t\t\t\t<\/div>\n\t\t\t\t\t<\/div>\n\t\t<\/div>\n\t\t\t\t\t\t\t<\/div>\n\t\t<\/section>\n\t\t\t\t<section class=\"elementor-section elementor-top-section elementor-element elementor-element-01734de elementor-section-boxed elementor-section-height-default elementor-section-height-default\" data-id=\"01734de\" data-element_type=\"section\">\n\t\t\t\t\t\t<div class=\"elementor-container elementor-column-gap-default\">\n\t\t\t\t\t<div class=\"elementor-column elementor-col-100 elementor-top-column elementor-element elementor-element-4d53d93\" data-id=\"4d53d93\" data-element_type=\"column\">\n\t\t\t<div class=\"elementor-widget-wrap elementor-element-populated\">\n\t\t\t\t\t\t\t\t<div class=\"elementor-element elementor-element-7b25166 elementor-widget-divider--view-line elementor-widget elementor-widget-divider\" data-id=\"7b25166\" data-element_type=\"widget\" data-widget_type=\"divider.default\">\n\t\t\t\t<div class=\"elementor-widget-container\">\n\t\t\t\t\t<div class=\"elementor-divider\">\n\t\t\t<span class=\"elementor-divider-separator\">\n\t\t\t\t\t\t<\/span>\n\t\t<\/div>\n\t\t\t\t<\/div>\n\t\t\t\t<\/div>\n\t\t\t\t<div class=\"elementor-element elementor-element-bb3c29b elementor-widget elementor-widget-heading\" data-id=\"bb3c29b\" data-element_type=\"widget\" data-widget_type=\"heading.default\">\n\t\t\t\t<div class=\"elementor-widget-container\">\n\t\t\t<h4 class=\"elementor-heading-title elementor-size-default\">L'Opera pia oggi<\/h4>\t\t<\/div>\n\t\t\t\t<\/div>\n\t\t\t\t\t<\/div>\n\t\t<\/div>\n\t\t\t\t\t\t\t<\/div>\n\t\t<\/section>\n\t\t\t\t<section class=\"elementor-section elementor-top-section elementor-element elementor-element-f03b9f0 elementor-section-boxed elementor-section-height-default elementor-section-height-default\" data-id=\"f03b9f0\" data-element_type=\"section\">\n\t\t\t\t\t\t<div class=\"elementor-container elementor-column-gap-default\">\n\t\t\t\t\t<div class=\"elementor-column elementor-col-50 elementor-top-column elementor-element elementor-element-c234655\" data-id=\"c234655\" data-element_type=\"column\">\n\t\t\t<div class=\"elementor-widget-wrap elementor-element-populated\">\n\t\t\t\t\t\t\t\t<div class=\"elementor-element elementor-element-a032385 elementor-widget elementor-widget-text-editor\" data-id=\"a032385\" data-element_type=\"widget\" data-widget_type=\"text-editor.default\">\n\t\t\t\t<div class=\"elementor-widget-container\">\n\t\t\t\t\t\t\t<p>Oggi l\u2019Opera Pia Moreno \u00e8 un ente iscritto al registro regionale delle strutture riconosciute con diritto privato di ispirazione religiosa e la scuola materna \u00e8 parificata a quella pubblica, ed \u00e8 gestita da laici nominati dal Vescovo e dall\u2019Assemblea dei Parroci di Ivrea benefattori dell\u2019Opera Pia.<\/p><p>La struttura pu\u00f2 ospitare ora oltre 80 fanciulli da 1 a 6 anni ed \u00e8 sede per aule di molti allievi del Liceo Classico Botta che \u00e8 adiacente.<\/p>\t\t\t\t\t\t<\/div>\n\t\t\t\t<\/div>\n\t\t\t\t<div class=\"elementor-element elementor-element-ad4bb89 elementor-widget-divider--view-line elementor-widget elementor-widget-divider\" data-id=\"ad4bb89\" data-element_type=\"widget\" data-widget_type=\"divider.default\">\n\t\t\t\t<div class=\"elementor-widget-container\">\n\t\t\t\t\t<div class=\"elementor-divider\">\n\t\t\t<span class=\"elementor-divider-separator\">\n\t\t\t\t\t\t<\/span>\n\t\t<\/div>\n\t\t\t\t<\/div>\n\t\t\t\t<\/div>\n\t\t\t\t\t<\/div>\n\t\t<\/div>\n\t\t\t\t<div class=\"elementor-column elementor-col-50 elementor-top-column elementor-element elementor-element-1f51405\" data-id=\"1f51405\" data-element_type=\"column\">\n\t\t\t<div class=\"elementor-widget-wrap elementor-element-populated\">\n\t\t\t\t\t\t\t\t<div class=\"elementor-element elementor-element-f3b5863 elementor-widget elementor-widget-image\" data-id=\"f3b5863\" data-element_type=\"widget\" data-widget_type=\"image.default\">\n\t\t\t\t<div class=\"elementor-widget-container\">\n\t\t\t\t\t\t\t\t\t\t\t\t\t\t\t<img decoding=\"async\" loading=\"lazy\" width=\"800\" height=\"534\" src=\"https:\/\/www.operapiamoreno.it\/wpsite\/wp-content\/uploads\/2021\/02\/edificio-moreno.jpg\" class=\"attachment-large size-large wp-image-259\" alt=\"\" srcset=\"https:\/\/www.operapiamoreno.it\/wpsite\/wp-content\/uploads\/2021\/02\/edificio-moreno.jpg 800w, https:\/\/www.operapiamoreno.it\/wpsite\/wp-content\/uploads\/2021\/02\/edificio-moreno-300x200.jpg 300w, https:\/\/www.operapiamoreno.it\/wpsite\/wp-content\/uploads\/2021\/02\/edificio-moreno-768x513.jpg 768w\" sizes=\"(max-width: 800px) 100vw, 800px\" \/>\t\t\t\t\t\t\t\t\t\t\t\t\t\t\t<\/div>\n\t\t\t\t<\/div>\n\t\t\t\t\t<\/div>\n\t\t<\/div>\n\t\t\t\t\t\t\t<\/div>\n\t\t<\/section>\n\t\t\t\t<section class=\"elementor-section elementor-top-section elementor-element elementor-element-481b176 elementor-section-boxed elementor-section-height-default elementor-section-height-default\" data-id=\"481b176\" data-element_type=\"section\">\n\t\t\t\t\t\t<div class=\"elementor-container elementor-column-gap-default\">\n\t\t\t\t\t<div class=\"elementor-column elementor-col-50 elementor-top-column elementor-element elementor-element-dbb3591\" data-id=\"dbb3591\" data-element_type=\"column\">\n\t\t\t<div class=\"elementor-widget-wrap elementor-element-populated\">\n\t\t\t\t\t\t\t\t<div class=\"elementor-element elementor-element-8e11cf5 elementor-widget elementor-widget-image\" data-id=\"8e11cf5\" data-element_type=\"widget\" data-widget_type=\"image.default\">\n\t\t\t\t<div class=\"elementor-widget-container\">\n\t\t\t\t\t\t\t\t\t\t\t\t\t\t\t<img decoding=\"async\" loading=\"lazy\" width=\"200\" height=\"225\" src=\"https:\/\/www.operapiamoreno.it\/wpsite\/wp-content\/uploads\/2021\/02\/stemma-casa-stria.jpg\" class=\"attachment-medium size-medium wp-image-320\" alt=\"\" \/>\t\t\t\t\t\t\t\t\t\t\t\t\t\t\t<\/div>\n\t\t\t\t<\/div>\n\t\t\t\t\t<\/div>\n\t\t<\/div>\n\t\t\t\t<div class=\"elementor-column elementor-col-50 elementor-top-column elementor-element elementor-element-0925233\" data-id=\"0925233\" data-element_type=\"column\">\n\t\t\t<div class=\"elementor-widget-wrap elementor-element-populated\">\n\t\t\t\t\t\t\t\t<div class=\"elementor-element elementor-element-48d4f10 elementor-widget elementor-widget-heading\" data-id=\"48d4f10\" data-element_type=\"widget\" data-widget_type=\"heading.default\">\n\t\t\t\t<div class=\"elementor-widget-container\">\n\t\t\t<h4 class=\"elementor-heading-title elementor-size-default\">Curiosit\u00e0 sull'edificio del Moreno<\/h4>\t\t<\/div>\n\t\t\t\t<\/div>\n\t\t\t\t<div class=\"elementor-element elementor-element-16a5398 elementor-widget elementor-widget-text-editor\" data-id=\"16a5398\" data-element_type=\"widget\" data-widget_type=\"text-editor.default\">\n\t\t\t\t<div class=\"elementor-widget-container\">\n\t\t\t\t\t\t\t<p style=\"font-weight: 400;\">L\u2019edificio dell\u2019Opera Pia Moreno (donato a met\u00e0 dell\u2019800 dal Vescovo mons. Luigi Moreno per l\u2019Opera che aveva fondato), ha un riconosciuto valore storico e alcune pregevoli valenze artistiche culturali. Essa era gi\u00e0 nel 1200 residenza di una famiglia \u201cnobiliare\u201d eporediese: i Degli Stria<\/p><p style=\"font-weight: 400;\">Si dice che prima del completamento del Castello voluto dai Savoia ad Ivrea (\u201cil castello dalle rosse torri\u201d) i Conti usassero dell\u2019ospitalit\u00e0 degli Stria per incontri e permanenze.<br \/>In particolare quando il giovane conte dei Savoia Amedeo VII (il Conte Rosso) ritenne necessaria una\u00a0 pacificazione generale nel Canavese dopo anni di contrasti anche sanguinosi e crudeli per quella che \u00e8 ricordata come \u201cl\u2019insurrezione dei Tuchini nel Canavese (1386-1391)\u201d. La fine delle violenze dei nobili locali fra loro e con gli \u201chomines\u201dresidenti era necessaria ai Savoia per consolidare la loro presenza Italia e organizzare il loro controllo territoriale.<\/p><p style=\"font-weight: 400;\">Nella rigorosa ricostruzione del prof. Alessandro Barbero\u00b0\u00b0 si ricorda, come il Conte Rosso lasci\u00f2 alla contessa Bona (sua mamma) il compito di riunire i nobili e le comunit\u00e0 del Canavese il 2 maggio 1391 proprio alla Casa Stria per dettare i termini della preziosa \u201cpace\u201d leggendo un accordo di arbitrato di pace a lungo studiato anche con i potentati vicini del Monferrato e di Milano.<br \/>\u00a0<br \/>Quel giorno erano presenti 7 nobili dei Valperga, 31 dei S. Martino e Castellamonte, pi\u00f9 i<br \/>rappresentanti di Cuorgn\u00e9, Salassa, Canischio, Campo Colombano, Pratiglione, Pont, Val Soana, Frassineto, Sparone, Ribordone, Locana, Noasca, Ceresole, della valle di Castelnuovo, di Loranz\u00e9, Colleretto, Lessolo, Castellamonte, Baldissero, Bairo, Torre, S. Martino, Pranzalito, Perosa, Romano, Strambino, Vialfr\u00e9; non si presentarono i procuratori di Prascorsano, Camagna, Pertusio, Rivarossa, Front, Barbania, Favria, Valperga<br \/>\u00ablicet omnes fuerint more solito proclamati\u00bb, che prima di quel giorno si erano pacificate.<\/p><p style=\"font-weight: 400;\">L\u2019 accordo prende le mosse dal ritorno ai nobili locali dei castelli e territori occupati dai Tuchini, ricorda come Amedeo VII abbia ricevuto il giuramento di fedelt\u00e0 e abbia proceduto<br \/>\u00abcontra nonnullos ex dictis rebellibus et tuchinis\u00bb, contro alcuni dei quali \u00abfuit administrata iusticia\u00bb mentre con altri \u00abgraciose compositum et transsactum ad certas pecunie quantitates\u00bb. I Valperga e i S. Martino sono rimessi \u00abin possessionem realem terrarum locorum et hominum suorum\u00bb, e la contessa acconsente, dichiarando il suo desiderio che \u00abdictos nobiles et eorum singulos cum dictis eorum hominibus et subdictis et econtra ad pacis, concordie et transactionis graciam ducantur\u00bb \u00b0\u00b0\u00b0: per cui si stabilisce espressamente che nessuno dovr\u00e0 pi\u00f9 essere chiamato in giudizio o altrimenti molestato per i fatti trascorsi.<br \/>Il ritorno dei nobili nelle loro signorie fu accompagnato da atti formali di riconciliazione. Il conte ha imposto ai nobili di riconciliarsi con i ribelli senza rappresaglie; per cui i rappresentanti delle valle supplicano i signori di perdonare \u00abomnia delicta omniaque maleficia, ligas, cohadunatas, iura, tuchinagium\u00bb, e ottengono il perdono e l\u2019investitura delle terre.<\/p><p style=\"font-weight: 400;\">La rivolta dei Tuchini era finita e la pace nel Canavese stabilita.<\/p>\t\t\t\t\t\t<\/div>\n\t\t\t\t<\/div>\n\t\t\t\t<div class=\"elementor-element elementor-element-20ca87b elementor-widget elementor-widget-button\" data-id=\"20ca87b\" data-element_type=\"widget\" data-widget_type=\"button.default\">\n\t\t\t\t<div class=\"elementor-widget-container\">\n\t\t\t\t\t<div class=\"elementor-button-wrapper\">\n\t\t\t<a class=\"elementor-button elementor-button-link elementor-size-sm\" href=\"https:\/\/www.operapiamoreno.it\/WpSite\/Caricamenti\/Decorazioni_Cotto_Ivrea.pdf\" target=\"_blank\">\n\t\t\t\t\t\t<span class=\"elementor-button-content-wrapper\">\n\t\t\t\t\t\t<span class=\"elementor-button-text\">Guarda le decorazioni in cotto<\/span>\n\t\t<\/span>\n\t\t\t\t\t<\/a>\n\t\t<\/div>\n\t\t\t\t<\/div>\n\t\t\t\t<\/div>\n\t\t\t\t\t<\/div>\n\t\t<\/div>\n\t\t\t\t\t\t\t<\/div>\n\t\t<\/section>\n\t\t\t\t<section class=\"elementor-section elementor-top-section elementor-element elementor-element-0a89a9c elementor-section-boxed elementor-section-height-default elementor-section-height-default\" data-id=\"0a89a9c\" data-element_type=\"section\">\n\t\t\t\t\t\t<div class=\"elementor-container elementor-column-gap-default\">\n\t\t\t\t\t<div class=\"elementor-column elementor-col-100 elementor-top-column elementor-element elementor-element-db09515\" data-id=\"db09515\" data-element_type=\"column\">\n\t\t\t<div class=\"elementor-widget-wrap\">\n\t\t\t\t\t\t\t\t\t<\/div>\n\t\t<\/div>\n\t\t\t\t\t\t\t<\/div>\n\t\t<\/section>\n\t\t\t\t<section class=\"elementor-section elementor-top-section elementor-element elementor-element-24fc41e elementor-section-boxed elementor-section-height-default elementor-section-height-default\" data-id=\"24fc41e\" data-element_type=\"section\">\n\t\t\t\t\t\t<div class=\"elementor-container elementor-column-gap-default\">\n\t\t\t\t\t<div class=\"elementor-column elementor-col-50 elementor-top-column elementor-element elementor-element-f2996a7\" data-id=\"f2996a7\" data-element_type=\"column\">\n\t\t\t<div class=\"elementor-widget-wrap\">\n\t\t\t\t\t\t\t\t\t<\/div>\n\t\t<\/div>\n\t\t\t\t<div class=\"elementor-column elementor-col-50 elementor-top-column elementor-element elementor-element-e04da66\" data-id=\"e04da66\" data-element_type=\"column\">\n\t\t\t<div class=\"elementor-widget-wrap\">\n\t\t\t\t\t\t\t\t\t<\/div>\n\t\t<\/div>\n\t\t\t\t\t\t\t<\/div>\n\t\t<\/section>\n\t\t\t\t\t\t\t<\/div>\n\t\t","protected":false},"excerpt":{"rendered":"<p>La Storia L\u2019 \u201casilo per l\u2019infanzia\u201d di Ivrea nasce da una sottoscrizione fra le famiglie eporediesi nel 1844 sotto lostimolo del Vescovo mons. Moreno che aveva gi\u00e0 precedentemente fatto nascere una iniziativa analoga a Rivarolo e viene riconosciuta con decreto dal Re Carlo Alberto.. L\u2019 abate don Ferrante Aporti, esule dalla Lombardia e senatore ai [&hellip;]<\/p>\n","protected":false},"author":1,"featured_media":0,"parent":0,"menu_order":0,"comment_status":"closed","ping_status":"closed","template":"","meta":{"footnotes":""},"_links":{"self":[{"href":"https:\/\/www.operapiamoreno.it\/wpsite\/wp-json\/wp\/v2\/pages\/295"}],"collection":[{"href":"https:\/\/www.operapiamoreno.it\/wpsite\/wp-json\/wp\/v2\/pages"}],"about":[{"href":"https:\/\/www.operapiamoreno.it\/wpsite\/wp-json\/wp\/v2\/types\/page"}],"author":[{"embeddable":true,"href":"https:\/\/www.operapiamoreno.it\/wpsite\/wp-json\/wp\/v2\/users\/1"}],"replies":[{"embeddable":true,"href":"https:\/\/www.operapiamoreno.it\/wpsite\/wp-json\/wp\/v2\/comments?post=295"}],"version-history":[{"count":11,"href":"https:\/\/www.operapiamoreno.it\/wpsite\/wp-json\/wp\/v2\/pages\/295\/revisions"}],"predecessor-version":[{"id":323,"href":"https:\/\/www.operapiamoreno.it\/wpsite\/wp-json\/wp\/v2\/pages\/295\/revisions\/323"}],"wp:attachment":[{"href":"https:\/\/www.operapiamoreno.it\/wpsite\/wp-json\/wp\/v2\/media?parent=295"}],"curies":[{"name":"wp","href":"https:\/\/api.w.org\/{rel}","templated":true}]}}